{"id":7343,"date":"2026-03-10T20:18:37","date_gmt":"2026-03-10T19:18:37","guid":{"rendered":"https:\/\/druknabiothane.pl\/so-bestellen-sie\/"},"modified":"2026-03-23T11:44:26","modified_gmt":"2026-03-23T10:44:26","slug":"so-bestellen-sie","status":"publish","type":"page","link":"https:\/\/druknabiothane.pl\/de\/so-bestellen-sie\/","title":{"rendered":"So bestellen Sie"},"content":{"rendered":"\t\t<div data-elementor-type=\"wp-page\" data-elementor-id=\"7343\" class=\"elementor elementor-7343 elementor-24\" data-elementor-post-type=\"page\">\n\t\t\t\t<div class=\"elementor-element elementor-element-8902089 e-flex e-con-boxed e-con e-parent\" data-id=\"8902089\" data-element_type=\"container\" data-e-type=\"container\">\n\t\t\t\t\t<div class=\"e-con-inner\">\n\t\t\t\t<div class=\"elementor-element elementor-element-36fdc8e elementor-widget elementor-widget-heading\" data-id=\"36fdc8e\" data-element_type=\"widget\" data-e-type=\"widget\" data-widget_type=\"heading.default\">\n\t\t\t\t\t<h2 class=\"elementor-heading-title elementor-size-default\">Bedruckte Muster auf Biothane\u00ae \u2013 einfach und bequem<\/h2>\t\t\t\t<\/div>\n\t\t\t\t\t<\/div>\n\t\t\t\t<\/div>\n\t\t\t\t<section class=\"elementor-section elementor-top-section elementor-element elementor-element-6fa2d23a elementor-section-content-middle elementor-section-boxed elementor-section-height-default elementor-section-height-default\" data-id=\"6fa2d23a\" data-element_type=\"section\" data-e-type=\"section\">\n\t\t\t\t\t\t<div class=\"elementor-container elementor-column-gap-no\">\n\t\t\t\t\t<div class=\"elementor-column elementor-col-100 elementor-top-column elementor-element elementor-element-141e7d01\" data-id=\"141e7d01\" data-element_type=\"column\" data-e-type=\"column\">\n\t\t\t<div class=\"elementor-widget-wrap elementor-element-populated\">\n\t\t\t\t\t\t<div class=\"elementor-element elementor-element-390720dd animated-slow elementor-invisible elementor-widget elementor-widget-text-editor\" data-id=\"390720dd\" data-element_type=\"widget\" data-e-type=\"widget\" data-settings=\"{&quot;_animation&quot;:&quot;fadeInDown&quot;,&quot;_animation_delay&quot;:300}\" data-widget_type=\"text-editor.default\">\n\t\t\t\t\t\t\t\t\t<p>Die Bestellung bei uns ist schnell und intuitiv! Sie k\u00f6nnen eines unserer Originaldesigns w\u00e4hlen oder Ihr eigenes Design einreichen. <\/p>\t\t\t\t\t\t\t\t<\/div>\n\t\t\t\t<div class=\"elementor-element elementor-element-5181c18 elementor-widget elementor-widget-heading\" data-id=\"5181c18\" data-element_type=\"widget\" data-e-type=\"widget\" data-widget_type=\"heading.default\">\n\t\t\t\t\t<h2 class=\"elementor-heading-title elementor-size-default\">IHR ANGEBOT BEREICHERN<\/h2>\t\t\t\t<\/div>\n\t\t\t\t<section class=\"elementor-section elementor-inner-section elementor-element elementor-element-7bd8f4c7 elementor-section-full_width elementor-section-content-top elementor-section-height-default elementor-section-height-default\" data-id=\"7bd8f4c7\" data-element_type=\"section\" data-e-type=\"section\">\n\t\t\t\t\t\t<div class=\"elementor-container elementor-column-gap-extended\">\n\t\t\t\t\t<div class=\"elementor-column elementor-col-33 elementor-inner-column elementor-element elementor-element-1ba0b7a3\" data-id=\"1ba0b7a3\" data-element_type=\"column\" data-e-type=\"column\">\n\t\t\t<div class=\"elementor-widget-wrap elementor-element-populated\">\n\t\t\t\t\t\t<div class=\"elementor-element elementor-element-11982ba eael-pricing-content-align-center eael-pricing-button-align-center elementor-widget elementor-widget-eael-pricing-table\" data-id=\"11982ba\" data-element_type=\"widget\" data-e-type=\"widget\" data-widget_type=\"eael-pricing-table.default\">\n\t\t\t\t\t    <div class=\"eael-pricing style-2\">\n                    <div class=\"eael-pricing-item featured ribbon-1\">\n                <div class=\"eael-pricing-icon\">\n                    <span class=\"icon\" style=\"background:;\">\n                        <svg class=\"e-font-icon-svg e-fas-arrow-down\" viewBox=\"0 0 448 512\" xmlns=\"http:\/\/www.w3.org\/2000\/svg\"><path d=\"M413.1 222.5l22.2 22.2c9.4 9.4 9.4 24.6 0 33.9L241 473c-9.4 9.4-24.6 9.4-33.9 0L12.7 278.6c-9.4-9.4-9.4-24.6 0-33.9l22.2-22.2c9.5-9.5 25-9.3 34.3.4L184 343.4V56c0-13.3 10.7-24 24-24h32c13.3 0 24 10.7 24 24v287.4l114.8-120.5c9.3-9.8 24.8-10 34.3-.4z\"><\/path><\/svg>                    <\/span>\n                <\/div>\n                <div class=\"header\">\n                    <h2 class=\"title\">W\u00e4hlen Sie ein<br>fertiges Design<br><span style=\"font-size:0px\">.<\/span><\/h2><span class=\"subtitle\">Option 1<\/span>                <\/div>\n                <div class=\"eael-pricing-tag\">\n                    <span class=\"price-tag\"><span class=\"original-price\"><span class=\"price-currency\"><\/span><\/span><\/span><span class=\"price-period\"><\/span>                <\/div>\n                <div class=\"body\">\n                            <ul>\n                            <li class=\"eael-pricing-item-feature elementor-repeater-item-2ee568c\">\n                    \n                                <span class=\"li-icon\">\n                            <\/span>\n\n        \n                    <span >1. Durchst\u00f6bern Sie unsere Kollektion von Originaldesigns,<\/span>\n                    \n                     \n                <\/li>\n                            <li class=\"eael-pricing-item-feature elementor-repeater-item-d1713a5\">\n                    \n                                <span class=\"li-icon\">\n                            <\/span>\n\n        \n                    <span >2. W\u00e4hlen Sie das Design aus, geben Sie die Breite und L\u00e4nge des Biothane\u00ae Bandes und die Anzahl der St\u00fccke an,<\/span>\n                    \n                     \n                <\/li>\n                            <li class=\"eael-pricing-item-feature elementor-repeater-item-c88ace1\">\n                    \n                                <span class=\"li-icon\">\n                            <\/span>\n\n        \n                    <span >3. Geben Sie Ihre Bestellung auf - wir k\u00fcmmern uns um den Rest!<\/span>\n                    \n                     \n                <\/li>\n                            <li class=\"eael-pricing-item-feature elementor-repeater-item-28ba8e4\">\n                    \n                                <span class=\"li-icon\">\n                <svg aria-hidden=\"true\" class=\"e-font-icon-svg e-fas-check\" viewBox=\"0 0 512 512\" xmlns=\"http:\/\/www.w3.org\/2000\/svg\"><path d=\"M173.898 439.404l-166.4-166.4c-9.997-9.997-9.997-26.206 0-36.204l36.203-36.204c9.997-9.998 26.207-9.998 36.204 0L192 312.69 432.095 72.596c9.997-9.997 26.207-9.997 36.204 0l36.203 36.204c9.997 9.997 9.997 26.206 0 36.204l-294.4 294.401c-9.998 9.997-26.207 9.997-36.204-.001z\"><\/path><\/svg>            <\/span>\n\n        \n                    <span >Ideal f\u00fcr diejenigen, die ihr Angebot schnell erweitern m\u00f6chten.<\/span>\n                    \n                     \n                <\/li>\n                    <\/ul>\n                    <\/div>\n                                <div class=\"footer\">\n                    <a class=\"eael-pricing-button\" href=\"https:\/\/druknabiothane.pl\/de\/laden\" >\n                                                                                Zum Shop gehen                                            <\/a>\n                <\/div>\n                            <\/div>\n                    <\/div>\n    \t\t\t\t<\/div>\n\t\t\t\t\t<\/div>\n\t\t<\/div>\n\t\t\t\t<div class=\"elementor-column elementor-col-33 elementor-inner-column elementor-element elementor-element-73e8364b\" data-id=\"73e8364b\" data-element_type=\"column\" data-e-type=\"column\">\n\t\t\t<div class=\"elementor-widget-wrap elementor-element-populated\">\n\t\t\t\t\t\t<div class=\"elementor-element elementor-element-ec975d2 eael-pricing-content-align-center eael-pricing-button-align-center elementor-widget elementor-widget-eael-pricing-table\" data-id=\"ec975d2\" data-element_type=\"widget\" data-e-type=\"widget\" data-widget_type=\"eael-pricing-table.default\">\n\t\t\t\t\t    <div class=\"eael-pricing style-2\">\n                    <div class=\"eael-pricing-item featured ribbon-1\">\n                <div class=\"eael-pricing-icon\">\n                    <span class=\"icon\" style=\"background:;\">\n                        <svg class=\"e-font-icon-svg e-fas-arrow-down\" viewBox=\"0 0 448 512\" xmlns=\"http:\/\/www.w3.org\/2000\/svg\"><path d=\"M413.1 222.5l22.2 22.2c9.4 9.4 9.4 24.6 0 33.9L241 473c-9.4 9.4-24.6 9.4-33.9 0L12.7 278.6c-9.4-9.4-9.4-24.6 0-33.9l22.2-22.2c9.5-9.5 25-9.3 34.3.4L184 343.4V56c0-13.3 10.7-24 24-24h32c13.3 0 24 10.7 24 24v287.4l114.8-120.5c9.3-9.8 24.8-10 34.3-.4z\"><\/path><\/svg>                    <\/span>\n                <\/div>\n                <div class=\"header\">\n                    <h2 class=\"title\">Drucken Sie Ihr <br>eigenes Design<br><span style=\"font-size:0px\">.<\/span><\/h2><span class=\"subtitle\">Option 2 <\/span>                <\/div>\n                <div class=\"eael-pricing-tag\">\n                    <span class=\"price-tag\"><span class=\"original-price\"><span class=\"price-currency\"><\/span><\/span><\/span><span class=\"price-period\"><\/span>                <\/div>\n                <div class=\"body\">\n                            <ul>\n                            <li class=\"eael-pricing-item-feature elementor-repeater-item-2ee568c\">\n                    \n                                <span class=\"li-icon\">\n                            <\/span>\n\n        \n                    <span >1. Bereiten Sie eine Bilddatei gem\u00e4\u00df den Richtlinien vor:<\/span>\n                    \n                     \n                <\/li>\n                            <li class=\"eael-pricing-item-feature elementor-repeater-item-dd2742a\">\n                    \n                                <span class=\"li-icon\">\n                <svg aria-hidden=\"true\" class=\"e-font-icon-svg e-fas-arrow-right\" viewBox=\"0 0 448 512\" xmlns=\"http:\/\/www.w3.org\/2000\/svg\"><path d=\"M190.5 66.9l22.2-22.2c9.4-9.4 24.6-9.4 33.9 0L441 239c9.4 9.4 9.4 24.6 0 33.9L246.6 467.3c-9.4 9.4-24.6 9.4-33.9 0l-22.2-22.2c-9.5-9.5-9.3-25 .4-34.3L311.4 296H24c-13.3 0-24-10.7-24-24v-32c0-13.3 10.7-24 24-24h287.4L190.9 101.2c-9.8-9.3-10-24.8-.4-34.3z\"><\/path><\/svg>            <\/span>\n\n        \n                    <span ><strong>Dateityp:<\/strong> PDF, PSD, PNG, Illustrator EPS, Illustrator Al.<\/span>\n                    \n                     \n                <\/li>\n                            <li class=\"eael-pricing-item-feature elementor-repeater-item-d1713a5\">\n                    \n                                <span class=\"li-icon\">\n                <svg aria-hidden=\"true\" class=\"e-font-icon-svg e-fas-arrow-right\" viewBox=\"0 0 448 512\" xmlns=\"http:\/\/www.w3.org\/2000\/svg\"><path d=\"M190.5 66.9l22.2-22.2c9.4-9.4 24.6-9.4 33.9 0L441 239c9.4 9.4 9.4 24.6 0 33.9L246.6 467.3c-9.4 9.4-24.6 9.4-33.9 0l-22.2-22.2c-9.5-9.5-9.3-25 .4-34.3L311.4 296H24c-13.3 0-24-10.7-24-24v-32c0-13.3 10.7-24 24-24h287.4L190.9 101.2c-9.8-9.3-10-24.8-.4-34.3z\"><\/path><\/svg>            <\/span>\n\n        \n                    <span ><strong>Aufl\u00f6sung:<\/strong> mindestens 300 dpi.<\/span>\n                    \n                     \n                <\/li>\n                            <li class=\"eael-pricing-item-feature elementor-repeater-item-c88ace1\">\n                    \n                                <span class=\"li-icon\">\n                <svg aria-hidden=\"true\" class=\"e-font-icon-svg e-fas-arrow-right\" viewBox=\"0 0 448 512\" xmlns=\"http:\/\/www.w3.org\/2000\/svg\"><path d=\"M190.5 66.9l22.2-22.2c9.4-9.4 24.6-9.4 33.9 0L441 239c9.4 9.4 9.4 24.6 0 33.9L246.6 467.3c-9.4 9.4-24.6 9.4-33.9 0l-22.2-22.2c-9.5-9.5-9.3-25 .4-34.3L311.4 296H24c-13.3 0-24-10.7-24-24v-32c0-13.3 10.7-24 24-24h287.4L190.9 101.2c-9.8-9.3-10-24.8-.4-34.3z\"><\/path><\/svg>            <\/span>\n\n        \n                    <span ><strong>Farbraum:<\/strong> CMYK oder RGB (bitte beachten Sie, dass bei der Konvertierung in CMYK Farbverschiebungen auftreten k\u00f6nnen).<\/span>\n                    \n                     \n                <\/li>\n                            <li class=\"eael-pricing-item-feature elementor-repeater-item-28ba8e4\">\n                    \n                                <span class=\"li-icon\">\n                <svg aria-hidden=\"true\" class=\"e-font-icon-svg e-fas-arrow-right\" viewBox=\"0 0 448 512\" xmlns=\"http:\/\/www.w3.org\/2000\/svg\"><path d=\"M190.5 66.9l22.2-22.2c9.4-9.4 24.6-9.4 33.9 0L441 239c9.4 9.4 9.4 24.6 0 33.9L246.6 467.3c-9.4 9.4-24.6 9.4-33.9 0l-22.2-22.2c-9.5-9.5-9.3-25 .4-34.3L311.4 296H24c-13.3 0-24-10.7-24-24v-32c0-13.3 10.7-24 24-24h287.4L190.9 101.2c-9.8-9.3-10-24.8-.4-34.3z\"><\/path><\/svg>            <\/span>\n\n        \n                    <span ><strong>Gr\u00f6\u00dfe: <\/strong> muss der L\u00e4nge und Breite des Streifens entsprechen, einschlie\u00dflich 2 mm Beschnittzugabe.<\/span>\n                    \n                     \n                <\/li>\n                            <li class=\"eael-pricing-item-feature elementor-repeater-item-3a1d257\">\n                    \n                                <span class=\"li-icon\">\n                            <\/span>\n\n        \n                    <span >2. Geben Sie Ihre Bestellung auf, indem Sie die L\u00e4nge und Breite des Biothane\u00ae-Bands sowie die Anzahl der St\u00fccke ausw\u00e4hlen.<\/span>\n                    \n                     \n                <\/li>\n                            <li class=\"eael-pricing-item-feature elementor-repeater-item-5891cd9\">\n                    \n                                <span class=\"li-icon\">\n                            <\/span>\n\n        \n                    <span >3. Senden Sie Ihren Entwurf per E-Mail an sklep@druknabiothane.pl und warten Sie auf unsere Best\u00e4tigung. Geben Sie in der Betreffzeile Ihre Bestellnummer an. <\/span>\n                    \n                     \n                <\/li>\n                            <li class=\"eael-pricing-item-feature elementor-repeater-item-5ded9ec\">\n                    \n                                <span class=\"li-icon\">\n                <svg aria-hidden=\"true\" class=\"e-font-icon-svg e-fas-check\" viewBox=\"0 0 512 512\" xmlns=\"http:\/\/www.w3.org\/2000\/svg\"><path d=\"M173.898 439.404l-166.4-166.4c-9.997-9.997-9.997-26.206 0-36.204l36.203-36.204c9.997-9.998 26.207-9.998 36.204 0L192 312.69 432.095 72.596c9.997-9.997 26.207-9.997 36.204 0l36.203 36.204c9.997 9.997 9.997 26.206 0 36.204l-294.4 294.401c-9.998 9.997-26.207 9.997-36.204-.001z\"><\/path><\/svg>            <\/span>\n\n        \n                    <span >Perfekt f\u00fcr Marken mit einzigartigem Branding.<\/span>\n                    \n                     \n                <\/li>\n                    <\/ul>\n                    <\/div>\n                                <div class=\"footer\">\n                    <a class=\"eael-pricing-button\" href=\"https:\/\/druknabiothane.pl\/de\/eigenes-design\" >\n                                                                                Start                                            <\/a>\n                <\/div>\n                            <\/div>\n                    <\/div>\n    \t\t\t\t<\/div>\n\t\t\t\t\t<\/div>\n\t\t<\/div>\n\t\t\t\t<div class=\"elementor-column elementor-col-33 elementor-inner-column elementor-element elementor-element-6808e7db\" data-id=\"6808e7db\" data-element_type=\"column\" data-e-type=\"column\">\n\t\t\t<div class=\"elementor-widget-wrap elementor-element-populated\">\n\t\t\t\t\t\t<div class=\"elementor-element elementor-element-4f8b92c eael-pricing-content-align-center eael-pricing-button-align-center elementor-widget elementor-widget-eael-pricing-table\" data-id=\"4f8b92c\" data-element_type=\"widget\" data-e-type=\"widget\" data-widget_type=\"eael-pricing-table.default\">\n\t\t\t\t\t    <div class=\"eael-pricing style-2\">\n                    <div class=\"eael-pricing-item featured ribbon-1\">\n                <div class=\"eael-pricing-icon\">\n                    <span class=\"icon\" style=\"background:;\">\n                        <svg class=\"e-font-icon-svg e-fas-arrow-down\" viewBox=\"0 0 448 512\" xmlns=\"http:\/\/www.w3.org\/2000\/svg\"><path d=\"M413.1 222.5l22.2 22.2c9.4 9.4 9.4 24.6 0 33.9L241 473c-9.4 9.4-24.6 9.4-33.9 0L12.7 278.6c-9.4-9.4-9.4-24.6 0-33.9l22.2-22.2c9.5-9.5 25-9.3 34.3.4L184 343.4V56c0-13.3 10.7-24 24-24h32c13.3 0 24 10.7 24 24v287.4l114.8-120.5c9.3-9.8 24.8-10 34.3-.4z\"><\/path><\/svg>                    <\/span>\n                <\/div>\n                <div class=\"header\">\n                    <h2 class=\"title\">Individuell<br> Ma\u00dfgeschneidertes Design <br><\/h2><span class=\"subtitle\">Option 3<\/span>                <\/div>\n                <div class=\"eael-pricing-tag\">\n                    <span class=\"price-tag\"><span class=\"original-price\"><span class=\"price-currency\"><\/span><\/span><\/span><span class=\"price-period\"><\/span>                <\/div>\n                <div class=\"body\">\n                            <ul>\n                            <li class=\"eael-pricing-item-feature elementor-repeater-item-2ee568c\">\n                    \n                                <span class=\"li-icon\">\n                            <\/span>\n\n        \n                    <span >1. Schreiben Sie an sklep@druknabiothane.pl<\/span>\n                    \n                     \n                <\/li>\n                            <li class=\"eael-pricing-item-feature elementor-repeater-item-d1713a5\">\n                    \n                                <span class=\"li-icon\">\n                            <\/span>\n\n        \n                    <span >2. Beschreiben Sie Ihre Vision - Sie k\u00f6nnen Inspiration und Ihre Ideen schicken,<\/span>\n                    \n                     \n                <\/li>\n                            <li class=\"eael-pricing-item-feature elementor-repeater-item-c88ace1\">\n                    \n                                <span class=\"li-icon\">\n                            <\/span>\n\n        \n                    <span >3. Wir erstellen f\u00fcr Sie ein einzigartiges Design, das auf Ihre Marke zugeschnitten ist,<\/span>\n                    \n                     \n                <\/li>\n                            <li class=\"eael-pricing-item-feature elementor-repeater-item-c5034fb\">\n                    \n                                <span class=\"li-icon\">\n                            <\/span>\n\n        \n                    <span >4 Sobald das Design genehmigt ist, drucken wir es auf Biothane\u00ae und versenden das fertige Produkt.<\/span>\n                    \n                     \n                <\/li>\n                            <li class=\"eael-pricing-item-feature elementor-repeater-item-28ba8e4\">\n                    \n                                <span class=\"li-icon\">\n                <svg aria-hidden=\"true\" class=\"e-font-icon-svg e-fas-check\" viewBox=\"0 0 512 512\" xmlns=\"http:\/\/www.w3.org\/2000\/svg\"><path d=\"M173.898 439.404l-166.4-166.4c-9.997-9.997-9.997-26.206 0-36.204l36.203-36.204c9.997-9.998 26.207-9.998 36.204 0L192 312.69 432.095 72.596c9.997-9.997 26.207-9.997 36.204 0l36.203 36.204c9.997 9.997 9.997 26.206 0 36.204l-294.4 294.401c-9.998 9.997-26.207 9.997-36.204-.001z\"><\/path><\/svg>            <\/span>\n\n        \n                    <span >F\u00fcr alle, die auf der Suche nach etwas absolut Einzigartigem sind.<\/span>\n                    \n                     \n                <\/li>\n                    <\/ul>\n                    <\/div>\n                                <div class=\"footer\">\n                    <a class=\"eael-pricing-button\" href=\"https:\/\/druknabiothane.pl\/de\/kontakt\/\" >\n                                                                                Kontakt                                            <\/a>\n                <\/div>\n                            <\/div>\n                    <\/div>\n    \t\t\t\t<\/div>\n\t\t\t\t\t<\/div>\n\t\t<\/div>\n\t\t\t\t\t<\/div>\n\t\t<\/section>\n\t\t\t\t\t<\/div>\n\t\t<\/div>\n\t\t\t\t\t<\/div>\n\t\t<\/section>\n\t\t\t\t<\/div>\n\t\t","protected":false},"excerpt":{"rendered":"<p>Bedruckte Muster auf Biothane\u00ae \u2013 einfach und bequem Die Bestellung bei uns ist schnell und intuitiv! Sie k\u00f6nnen eines unserer Originaldesigns w\u00e4hlen oder Ihr eigenes Design einreichen. IHR ANGEBOT BEREICHERN W\u00e4hlen Sie einfertiges Design. Option 1 1. Durchst\u00f6bern Sie unsere Kollektion von Originaldesigns, 2. W\u00e4hlen Sie das Design aus, geben Sie die Breite und L\u00e4nge [&hellip;]<\/p>\n","protected":false},"author":1,"featured_media":0,"parent":0,"menu_order":0,"comment_status":"closed","ping_status":"closed","template":"","meta":{"footnotes":""},"class_list":["post-7343","page","type-page","status-publish","hentry"],"_links":{"self":[{"href":"https:\/\/druknabiothane.pl\/de\/wp-json\/wp\/v2\/pages\/7343","targetHints":{"allow":["GET"]}}],"collection":[{"href":"https:\/\/druknabiothane.pl\/de\/wp-json\/wp\/v2\/pages"}],"about":[{"href":"https:\/\/druknabiothane.pl\/de\/wp-json\/wp\/v2\/types\/page"}],"author":[{"embeddable":true,"href":"https:\/\/druknabiothane.pl\/de\/wp-json\/wp\/v2\/users\/1"}],"replies":[{"embeddable":true,"href":"https:\/\/druknabiothane.pl\/de\/wp-json\/wp\/v2\/comments?post=7343"}],"version-history":[{"count":11,"href":"https:\/\/druknabiothane.pl\/de\/wp-json\/wp\/v2\/pages\/7343\/revisions"}],"predecessor-version":[{"id":9093,"href":"https:\/\/druknabiothane.pl\/de\/wp-json\/wp\/v2\/pages\/7343\/revisions\/9093"}],"wp:attachment":[{"href":"https:\/\/druknabiothane.pl\/de\/wp-json\/wp\/v2\/media?parent=7343"}],"curies":[{"name":"wp","href":"https:\/\/api.w.org\/{rel}","templated":true}]}}