{"id":7365,"date":"2026-03-12T11:02:42","date_gmt":"2026-03-12T10:02:42","guid":{"rendered":"https:\/\/druknabiothane.pl\/pflege\/"},"modified":"2026-03-18T18:43:09","modified_gmt":"2026-03-18T17:43:09","slug":"pflege","status":"publish","type":"page","link":"https:\/\/druknabiothane.pl\/de\/pflege\/","title":{"rendered":"Pflege"},"content":{"rendered":"\t\t<div data-elementor-type=\"wp-page\" data-elementor-id=\"7365\" class=\"elementor elementor-7365 elementor-5003\" data-elementor-post-type=\"page\">\n\t\t\t\t\t\t<section class=\"elementor-section elementor-top-section elementor-element elementor-element-6e4ee001 elementor-section-content-middle elementor-section-boxed elementor-section-height-default elementor-section-height-default\" data-id=\"6e4ee001\" data-element_type=\"section\" data-e-type=\"section\">\n\t\t\t\t\t\t<div class=\"elementor-container elementor-column-gap-no\">\n\t\t\t\t\t<div class=\"elementor-column elementor-col-100 elementor-top-column elementor-element elementor-element-6494d6af\" data-id=\"6494d6af\" data-element_type=\"column\" data-e-type=\"column\">\n\t\t\t<div class=\"elementor-widget-wrap elementor-element-populated\">\n\t\t\t\t\t\t<div class=\"elementor-element elementor-element-9dd9ccc elementor-widget elementor-widget-heading\" data-id=\"9dd9ccc\" data-element_type=\"widget\" data-e-type=\"widget\" data-widget_type=\"heading.default\">\n\t\t\t\t\t<h3 class=\"elementor-heading-title elementor-size-default\">Wie pflegt man Biothane\u00ae-Gurtband mit UV-Aufdruck?<\/h3>\t\t\t\t<\/div>\n\t\t\t\t<div class=\"elementor-element elementor-element-606b12bc elementor-icon-list--layout-traditional elementor-list-item-link-full_width elementor-widget elementor-widget-icon-list\" data-id=\"606b12bc\" data-element_type=\"widget\" data-e-type=\"widget\" data-widget_type=\"icon-list.default\">\n\t\t\t\t\t\t\t<ul class=\"elementor-icon-list-items\">\n\t\t\t\t\t\t\t<li class=\"elementor-icon-list-item\">\n\t\t\t\t\t\t\t\t\t\t<span class=\"elementor-icon-list-text\">UV-bedruckte Biothane-Klebeb\u00e4nder sind pflegeleicht, erfordern aber eine angemessene Behandlung, um die Farbintensit\u00e4t und die Haltbarkeit des Drucks zu erhalten.<\/span>\n\t\t\t\t\t\t\t\t\t<\/li>\n\t\t\t\t\t\t\t\t<li class=\"elementor-icon-list-item\">\n\t\t\t\t\t\t\t\t\t\t\t<span class=\"elementor-icon-list-icon\">\n\t\t\t\t\t\t\t<svg aria-hidden=\"true\" class=\"e-font-icon-svg e-fas-check\" viewBox=\"0 0 512 512\" xmlns=\"http:\/\/www.w3.org\/2000\/svg\"><path d=\"M173.898 439.404l-166.4-166.4c-9.997-9.997-9.997-26.206 0-36.204l36.203-36.204c9.997-9.998 26.207-9.998 36.204 0L192 312.69 432.095 72.596c9.997-9.997 26.207-9.997 36.204 0l36.203 36.204c9.997 9.997 9.997 26.206 0 36.204l-294.4 294.401c-9.998 9.997-26.207 9.997-36.204-.001z\"><\/path><\/svg>\t\t\t\t\t\t<\/span>\n\t\t\t\t\t\t\t\t\t\t<span class=\"elementor-icon-list-text\"><strong>T\u00e4gliche Pflege<\/strong> - einfach die Oberfl\u00e4che mit einem feuchten Tuch abwischen und trocknen.<\/span>\n\t\t\t\t\t\t\t\t\t<\/li>\n\t\t\t\t\t\t\t\t<li class=\"elementor-icon-list-item\">\n\t\t\t\t\t\t\t\t\t\t\t<span class=\"elementor-icon-list-icon\">\n\t\t\t\t\t\t\t<svg aria-hidden=\"true\" class=\"e-font-icon-svg e-fas-check\" viewBox=\"0 0 512 512\" xmlns=\"http:\/\/www.w3.org\/2000\/svg\"><path d=\"M173.898 439.404l-166.4-166.4c-9.997-9.997-9.997-26.206 0-36.204l36.203-36.204c9.997-9.998 26.207-9.998 36.204 0L192 312.69 432.095 72.596c9.997-9.997 26.207-9.997 36.204 0l36.203 36.204c9.997 9.997 9.997 26.206 0 36.204l-294.4 294.401c-9.998 9.997-26.207 9.997-36.204-.001z\"><\/path><\/svg>\t\t\t\t\t\t<\/span>\n\t\t\t\t\t\t\t\t\t\t<span class=\"elementor-icon-list-text\"><strong>Entfernen von Verschmutzungen<\/strong> - bei st\u00e4rkeren Verschmutzungen sp\u00fclen Sie das Band unter flie\u00dfendem Wasser ab und entfernen Sie den Schmutz vorsichtig mit den Fingerspitzen. Vermeiden Sie Schrubben und scharfe Werkzeuge, die den Druck besch\u00e4digen k\u00f6nnten. <\/span>\n\t\t\t\t\t\t\t\t\t<\/li>\n\t\t\t\t\t\t<\/ul>\n\t\t\t\t\t\t<\/div>\n\t\t\t\t<div class=\"elementor-element elementor-element-7f78e396 elementor-widget elementor-widget-heading\" data-id=\"7f78e396\" data-element_type=\"widget\" data-e-type=\"widget\" data-widget_type=\"heading.default\">\n\t\t\t\t\t<p class=\"elementor-heading-title elementor-size-default\">\u274c Was ist zu vermeiden?<\/p>\t\t\t\t<\/div>\n\t\t\t\t<div class=\"elementor-element elementor-element-306fb8d elementor-widget elementor-widget-text-editor\" data-id=\"306fb8d\" data-element_type=\"widget\" data-e-type=\"widget\" data-widget_type=\"text-editor.default\">\n\t\t\t\t\t\t\t\t\t<p>Verwenden Sie keine aggressiven Chemikalien wie Bleichmittel, Essig, Wasserstoffperoxid, Klebstoffe, Aceton, Insektizide oder Alkohol.<\/p>\t\t\t\t\t\t\t\t<\/div>\n\t\t\t\t<div class=\"elementor-element elementor-element-33ea29ec elementor-widget elementor-widget-heading\" data-id=\"33ea29ec\" data-element_type=\"widget\" data-e-type=\"widget\" data-widget_type=\"heading.default\">\n\t\t\t\t\t<p class=\"elementor-heading-title elementor-size-default\">\u274c Nicht in der Waschmaschine waschen!<\/p>\t\t\t\t<\/div>\n\t\t\t\t<div class=\"elementor-element elementor-element-6386273 elementor-widget elementor-widget-text-editor\" data-id=\"6386273\" data-element_type=\"widget\" data-e-type=\"widget\" data-widget_type=\"text-editor.default\">\n\t\t\t\t\t\t\t\t\t<p>In der Regel sollte Biothane\u00ae nicht in der Waschmaschine verarbeitet werden. Dies kann zu Sch\u00e4den am Druck und an der Maschine selbst f\u00fchren. <\/p><p>Bei richtiger Pflege bleibt Ihr UV-Druck lange klar und haltbar!<\/p>\t\t\t\t\t\t\t\t<\/div>\n\t\t\t\t\t<\/div>\n\t\t<\/div>\n\t\t\t\t\t<\/div>\n\t\t<\/section>\n\t\t\t\t<\/div>\n\t\t","protected":false},"excerpt":{"rendered":"<p>Wie pflegt man Biothane\u00ae-Gurtband mit UV-Aufdruck? UV-bedruckte Biothane-Klebeb\u00e4nder sind pflegeleicht, erfordern aber eine angemessene Behandlung, um die Farbintensit\u00e4t und die Haltbarkeit des Drucks zu erhalten. T\u00e4gliche Pflege &#8211; einfach die Oberfl\u00e4che mit einem feuchten Tuch abwischen und trocknen. Entfernen von Verschmutzungen &#8211; bei st\u00e4rkeren Verschmutzungen sp\u00fclen Sie das Band unter flie\u00dfendem Wasser ab und entfernen [&hellip;]<\/p>\n","protected":false},"author":1,"featured_media":0,"parent":0,"menu_order":0,"comment_status":"closed","ping_status":"closed","template":"","meta":{"footnotes":""},"class_list":["post-7365","page","type-page","status-publish","hentry"],"_links":{"self":[{"href":"https:\/\/druknabiothane.pl\/de\/wp-json\/wp\/v2\/pages\/7365","targetHints":{"allow":["GET"]}}],"collection":[{"href":"https:\/\/druknabiothane.pl\/de\/wp-json\/wp\/v2\/pages"}],"about":[{"href":"https:\/\/druknabiothane.pl\/de\/wp-json\/wp\/v2\/types\/page"}],"author":[{"embeddable":true,"href":"https:\/\/druknabiothane.pl\/de\/wp-json\/wp\/v2\/users\/1"}],"replies":[{"embeddable":true,"href":"https:\/\/druknabiothane.pl\/de\/wp-json\/wp\/v2\/comments?post=7365"}],"version-history":[{"count":1,"href":"https:\/\/druknabiothane.pl\/de\/wp-json\/wp\/v2\/pages\/7365\/revisions"}],"predecessor-version":[{"id":7366,"href":"https:\/\/druknabiothane.pl\/de\/wp-json\/wp\/v2\/pages\/7365\/revisions\/7366"}],"wp:attachment":[{"href":"https:\/\/druknabiothane.pl\/de\/wp-json\/wp\/v2\/media?parent=7365"}],"curies":[{"name":"wp","href":"https:\/\/api.w.org\/{rel}","templated":true}]}}