{"id":7385,"date":"2026-03-12T11:04:23","date_gmt":"2026-03-12T10:04:23","guid":{"rendered":"https:\/\/druknabiothane.pl\/ruecksendungen-und-reklamationen\/"},"modified":"2026-03-24T09:30:45","modified_gmt":"2026-03-24T08:30:45","slug":"ruecksendungen-und-reklamationen","status":"publish","type":"page","link":"https:\/\/druknabiothane.pl\/de\/ruecksendungen-und-reklamationen\/","title":{"rendered":"R\u00fccksendungen und Reklamationen"},"content":{"rendered":"\t\t<div data-elementor-type=\"wp-page\" data-elementor-id=\"7385\" class=\"elementor elementor-7385 elementor-5011\" data-elementor-post-type=\"page\">\n\t\t\t\t\t\t<section class=\"elementor-section elementor-top-section elementor-element elementor-element-ba82184 elementor-section-content-middle elementor-section-boxed elementor-section-height-default elementor-section-height-default\" data-id=\"ba82184\" data-element_type=\"section\" data-e-type=\"section\">\n\t\t\t\t\t\t<div class=\"elementor-container elementor-column-gap-no\">\n\t\t\t\t\t<div class=\"elementor-column elementor-col-50 elementor-top-column elementor-element elementor-element-d3d297b\" data-id=\"d3d297b\" data-element_type=\"column\" data-e-type=\"column\">\n\t\t\t<div class=\"elementor-widget-wrap elementor-element-populated\">\n\t\t\t\t\t\t<div class=\"elementor-element elementor-element-6875ce52 elementor-position-inline-start elementor-view-default elementor-mobile-position-block-start elementor-widget elementor-widget-icon-box\" data-id=\"6875ce52\" data-element_type=\"widget\" data-e-type=\"widget\" data-widget_type=\"icon-box.default\">\n\t\t\t\t\t\t\t<div class=\"elementor-icon-box-wrapper\">\n\n\t\t\t\t\t\t<div class=\"elementor-icon-box-icon\">\n\t\t\t\t<span  class=\"elementor-icon\">\n\t\t\t\t<svg xmlns=\"http:\/\/www.w3.org\/2000\/svg\" xmlns:xlink=\"http:\/\/www.w3.org\/1999\/xlink\" id=\"Layer_1\" x=\"0px\" y=\"0px\" viewBox=\"0 0 64 64\" style=\"enable-background:new 0 0 64 64;\" xml:space=\"preserve\"><style type=\"text\/css\">\t.st0{fill:#31323A;}\t.st1{fill:#D3756B;}\t.st2{fill:#FFCDB2;}\t.st3{fill:#FFF0D1;}\t.st4{fill:#BF7D42;}\t.st5{fill:#FFA658;}\t.st6{fill:#C2BFC2;}\t.st7{fill:#FFCA9B;}\t.st8{fill:#FF4D80;}\t.st9{fill:#FF92A7;}\t.st10{fill:#928F92;}\t.st11{fill:#7DE294;}\t.st12{fill:#FF94B3;}\t.st13{fill:#FABC3F;}<\/style><g>\t<path class=\"st0\" d=\"M24.3,18.6c-1.9,0-3.4,1.9-3.4,4.3c0,2.4,1.5,4.3,3.4,4.3c1.9,0,3.4-1.9,3.4-4.3   C27.8,20.6,26.2,18.6,24.3,18.6z M24.3,25.3c-0.7,0-1.4-1-1.4-2.3s0.8-2.3,1.4-2.3c0.7,0,1.4,1,1.4,2.3S25,25.3,24.3,25.3z\"><\/path>\t<path class=\"st1\" d=\"M25.8,23c0,1.4-0.8,2.3-1.4,2.3c-0.7,0-1.4-1-1.4-2.3s0.8-2.3,1.4-2.3C25,20.6,25.8,21.6,25.8,23z\"><\/path>\t<path class=\"st0\" d=\"M39.7,18.6c-1.9,0-3.4,1.9-3.4,4.3c0,2.4,1.5,4.3,3.4,4.3c1.9,0,3.4-1.9,3.4-4.3   C43.1,20.6,41.6,18.6,39.7,18.6z M39.7,25.3c-0.7,0-1.4-1-1.4-2.3s0.8-2.3,1.4-2.3c0.7,0,1.4,1,1.4,2.3S40.3,25.3,39.7,25.3z\"><\/path>\t<path class=\"st0\" d=\"M59.7,47.8c1.2-1,1.9-2.5,1.9-4.1c0-2.9-2.4-5.3-5.3-5.3c-1.5,0-2.8,0.6-3.8,1.6c0.3-2,0.3-4.4,0-7.1   c0.5,0.1,0.9,0.1,1.3,0.1c0.8,0,1.5-0.1,2.1-0.4c1.7-0.7,2.7-2.2,2.6-3.8c-0.5-4.8,0.6-8.1,1.4-10.8c1.1-3.3,2-6.2-1.8-9.4   c-5.4-4.6-13.5-1.5-15.9-0.5c-6-3.2-14.4-3.2-20.4,0.1C19.8,7.4,11.4,4,5.8,8.7C2,11.9,3,14.8,4,18.1c0.9,2.6,1.9,5.9,1.4,10.8   C5.3,30.5,6.3,32,8,32.7c0.6,0.2,1.4,0.4,2.1,0.4c0.4,0,0.9-0.1,1.3-0.1c-0.3,2.9-0.3,5.3,0,7.4c-1-1-2.3-1.7-3.8-1.7   c-2.9,0-5.3,2.4-5.3,5.3c0,1.6,0.7,3.1,1.9,4.1c-1.2,1-1.9,2.5-1.9,4.1c0,2.9,2.4,5.3,5.3,5.3c2.6,0,4.7-1.8,5.2-4.3h3.7   c2.7,3.2,6.6,5,10.8,5h9.3c4.2,0,8.1-1.8,10.8-5h3.7c0.5,2.3,2.6,4.1,5.1,4.1c2.9,0,5.3-2.4,5.3-5.3C61.6,50.2,60.9,48.8,59.7,47.8   z M56.9,10.2c2.7,2.3,2.2,4,1.1,7.3c-0.9,2.7-2,6.3-1.5,11.6c0.1,1.1-1,1.6-1.3,1.8c-1.6,0.6-4.2,0.1-6.1-2.5   c-1.2-1.6-1.5-3.8-1.8-6.4c-0.4-3.4-1-7.7-3.8-12.1C46.1,8.8,52.7,6.6,56.9,10.2z M22.6,10.2c5.3-3,13.2-3.1,18.6-0.3   c0,0,0,0.1,0,0.1c3.1,4.4,3.6,8.6,4.1,12.2c0.4,2.9,0.7,5.3,2.2,7.3c0.9,1.2,1.9,2,2.9,2.6c0.8,6.6,0.1,10.9-2.2,12.9   c-2,1.7-5.4,1.8-10.1,0.2c-1.2-0.4-2.4-0.9-3.7-1.4c-0.4-0.2-0.9-0.3-1.4-0.4v-5.7c0.5-0.1,1-0.3,1.4-0.6c2.1-1.4,3.2-2.9,3.2-4.4   c0-1.6-0.7-4.4-5.6-4.4s-5.6,2.7-5.6,4.4c0,1.5,1.1,3,3.2,4.4c0.5,0.3,0.9,0.5,1.4,0.6v5.8c-0.4,0.1-0.8,0.2-1.2,0.4   c-1.3,0.6-2.6,1.1-3.8,1.5c-4.7,1.5-8,1.4-10.1-0.3c-2.4-2-3.1-6.3-2.3-12.8c1-0.6,2-1.4,2.9-2.6c1.5-2,1.8-4.4,2.2-7.3   C19.1,18.7,19.6,14.6,22.6,10.2z M32,35.8L32,35.8C32,35.8,32,35.8,32,35.8c-0.5,0-0.9-0.1-1.3-0.4c-1.5-1-2.3-2-2.3-2.7   c0-0.6,0-2.4,3.6-2.4s3.6,1.7,3.6,2.4c0,0.8-0.8,1.8-2.3,2.7C32.9,35.6,32.5,35.8,32,35.8z M8.8,30.8c-0.3-0.1-1.4-0.7-1.3-1.8   c0.5-5.2-0.6-8.9-1.5-11.6c-1.1-3.3-1.6-5,1.2-7.3c1.7-1.5,3.9-2,6-2c3,0,5.9,1,7.4,1.6c-2.8,4.5-3.3,8.7-3.8,12.1   c-0.3,2.6-0.6,4.8-1.8,6.4C12.9,31,10.4,31.5,8.8,30.8z M36.7,56.1h-9.3c-3,0-5.8-1.1-8-3h25.4C42.5,55,39.7,56.1,36.7,56.1z    M57.3,48.7c1.4,0.4,2.3,1.7,2.3,3.1c0,1.8-1.5,3.3-3.3,3.3c-1.8,0-3.2-1.4-3.3-3.1c0-0.5-0.5-1-1-1H12c-0.5,0-1,0.4-1,1   c0,1.8-1.5,3.3-3.3,3.3s-3.3-1.5-3.3-3.3c0-1.4,0.9-2.7,2.2-3.1c0.4-0.1,0.8-0.5,0.8-1c0-0.5-0.3-0.8-0.7-1   c-1.4-0.4-2.3-1.7-2.3-3.1c0-1.8,1.5-3.3,3.3-3.3s3.3,1.5,3.3,3.3c0,0.5,0.5,1,1,1h1.2c0.4,0.6,0.9,1.2,1.4,1.6   c2.6,2.2,6.6,2.4,12,0.6c1.3-0.4,2.7-1,4-1.5c0.5-0.2,1-0.3,1.5-0.3c0.5,0,1.1,0.1,1.6,0.3c1.3,0.6,2.6,1.1,3.8,1.5   c2.4,0.8,4.6,1.2,6.5,1.2c2.3,0,4.1-0.6,5.5-1.8c0.6-0.5,1.1-1.1,1.6-1.8c1.5,0,2-0.1,2-1c0-1.8,1.5-3.3,3.3-3.3s3.3,1.5,3.3,3.3   c0,1.4-0.9,2.7-2.3,3.1c-0.4,0.1-0.7,0.5-0.7,1C56.7,48.2,56.9,48.6,57.3,48.7z\"><\/path>\t<path class=\"st1\" d=\"M20.4,9.9c-2.8,4.5-3.3,8.7-3.8,12.1c-0.3,2.6-0.6,4.8-1.8,6.4c-2,2.6-4.5,3.1-6.1,2.5   c-0.3-0.1-1.4-0.7-1.3-1.8c0.5-5.2-0.6-8.9-1.5-11.6c-1.1-3.3-1.6-5,1.2-7.3c1.7-1.5,3.9-2,6-2C16,8.3,19,9.3,20.4,9.9z\"><\/path>\t<path class=\"st2\" d=\"M44.7,53.1c-2.2,1.9-5,3-8,3h-9.3c-3,0-5.8-1.1-8-3H44.7z\"><\/path>\t<path class=\"st1\" d=\"M58,17.5c-0.9,2.7-2,6.3-1.5,11.6c0.1,1.1-1,1.6-1.3,1.8c-1.6,0.6-4.2,0.1-6.1-2.5c-1.2-1.6-1.5-3.8-1.8-6.4   c-0.4-3.4-1-7.7-3.8-12.1c2.5-1,9.1-3.2,13.3,0.3C59.7,12.6,59.1,14.2,58,17.5z\"><\/path>\t<path class=\"st1\" d=\"M35.6,32.6c0,0.8-0.8,1.8-2.3,2.7c-0.4,0.3-0.9,0.4-1.3,0.4h0c0,0,0,0,0,0c-0.5,0-0.9-0.1-1.3-0.4   c-1.5-1-2.3-2-2.3-2.7c0-0.6,0-2.4,3.6-2.4S35.6,32,35.6,32.6z\"><\/path>\t<path class=\"st2\" d=\"M50.4,32.1c-1-0.6-2-1.4-2.9-2.6c-1.5-2-1.8-4.4-2.2-7.3c-0.4-3.6-1-7.8-4.1-12.2c0,0,0-0.1,0-0.1   C35.8,7.1,28,7.2,22.6,10.2c-3,4.4-3.5,8.5-4,12.1c-0.4,2.9-0.7,5.3-2.2,7.3c-0.9,1.2-1.9,2-2.9,2.6C12.7,38.7,13.5,43,15.9,45   c2,1.7,5.4,1.8,10.1,0.3c1.2-0.4,2.5-0.9,3.8-1.5c0.4-0.2,0.8-0.3,1.2-0.4v-5.8c-0.5-0.1-1-0.3-1.4-0.6c-2.1-1.4-3.2-2.9-3.2-4.4   c0-1.6,0.7-4.4,5.6-4.4s5.6,2.7,5.6,4.4c0,1.5-1.1,3-3.2,4.4c-0.5,0.3-0.9,0.5-1.4,0.6v5.7c0.5,0.1,1,0.2,1.4,0.4   c1.3,0.6,2.5,1,3.7,1.4c4.7,1.5,8.1,1.5,10.1-0.2C50.5,43.1,51.2,38.7,50.4,32.1z M24.3,27.3c-1.9,0-3.4-1.9-3.4-4.3   c0-2.4,1.5-4.3,3.4-4.3c1.9,0,3.4,1.9,3.4,4.3C27.8,25.4,26.2,27.3,24.3,27.3z M39.7,27.3c-1.9,0-3.4-1.9-3.4-4.3   c0-2.4,1.5-4.3,3.4-4.3c1.9,0,3.4,1.9,3.4,4.3C43.1,25.4,41.6,27.3,39.7,27.3z\"><\/path>\t<path class=\"st1\" d=\"M41.1,23c0,1.4-0.8,2.3-1.4,2.3c-0.7,0-1.4-1-1.4-2.3s0.8-2.3,1.4-2.3C40.3,20.6,41.1,21.6,41.1,23z\"><\/path>\t<path class=\"st3\" d=\"M59.6,51.9c0,1.8-1.5,3.3-3.3,3.3c-1.8,0-3.2-1.4-3.3-3.1c0-0.5-0.5-1-1-1H12c-0.5,0-1,0.4-1,1   c0,1.8-1.5,3.3-3.3,3.3s-3.3-1.5-3.3-3.3c0-1.4,0.9-2.7,2.2-3.1c0.4-0.1,0.8-0.5,0.8-1c0-0.5-0.3-0.8-0.7-1   c-1.4-0.4-2.3-1.7-2.3-3.1c0-1.8,1.5-3.3,3.3-3.3s3.3,1.5,3.3,3.3c0,0.5,0.5,1,1,1h1.2c0.4,0.6,0.9,1.2,1.4,1.6   c2.6,2.2,6.6,2.4,12,0.6c1.3-0.4,2.7-1,4-1.5c0.5-0.2,1-0.3,1.5-0.3c0.5,0,1.1,0.1,1.6,0.3c1.3,0.6,2.6,1.1,3.8,1.5   c2.4,0.8,4.6,1.2,6.5,1.2c2.3,0,4.1-0.6,5.5-1.8c0.6-0.5,1.1-1.1,1.6-1.8c1.5,0,2-0.1,2-1c0-1.8,1.5-3.3,3.3-3.3s3.3,1.5,3.3,3.3   c0,1.4-0.9,2.7-2.3,3.1c-0.4,0.1-0.7,0.5-0.7,1c0,0.4,0.3,0.8,0.7,1C58.7,49.2,59.6,50.4,59.6,51.9z\"><\/path><\/g><\/svg>\t\t\t\t<\/span>\n\t\t\t<\/div>\n\t\t\t\n\t\t\t\t\t\t<div class=\"elementor-icon-box-content\">\n\n\t\t\t\t\t\t\t\t\t<h3 class=\"elementor-icon-box-title\">\n\t\t\t\t\t\t<span  >\n\t\t\t\t\t\t\tR\u00fccksendung\t\t\t\t\t\t<\/span>\n\t\t\t\t\t<\/h3>\n\t\t\t\t\n\t\t\t\t\n\t\t\t<\/div>\n\t\t\t\n\t\t<\/div>\n\t\t\t\t\t\t<\/div>\n\t\t\t\t<div class=\"elementor-element elementor-element-22e2b6ef animated-slow elementor-invisible elementor-widget elementor-widget-text-editor\" data-id=\"22e2b6ef\" data-element_type=\"widget\" data-e-type=\"widget\" data-settings=\"{&quot;_animation&quot;:&quot;fadeInDown&quot;,&quot;_animation_delay&quot;:300}\" data-widget_type=\"text-editor.default\">\n\t\t\t\t\t\t\t\t\t<p>Aufgrund des individuellen Charakters der Bestellungen werden Biothane\u00ae-B\u00e4nder mit UV-Aufdruck nach den Vorgaben des Kunden auf Ma\u00df zugeschnitten und k\u00f6nnen daher weder zur\u00fcckgegeben noch umgetauscht werden \u2013 unabh\u00e4ngig davon, ob die Bestellung von einer Privatperson oder einem Unternehmer aufgegeben wird.<\/p>\t\t\t\t\t\t\t\t<\/div>\n\t\t\t\t\t<\/div>\n\t\t<\/div>\n\t\t\t\t<div class=\"elementor-column elementor-col-50 elementor-top-column elementor-element elementor-element-22ac3d8\" data-id=\"22ac3d8\" data-element_type=\"column\" data-e-type=\"column\">\n\t\t\t<div class=\"elementor-widget-wrap elementor-element-populated\">\n\t\t\t\t\t\t<div class=\"elementor-element elementor-element-14398bc4 elementor-position-inline-start elementor-view-default elementor-mobile-position-block-start elementor-widget elementor-widget-icon-box\" data-id=\"14398bc4\" data-element_type=\"widget\" data-e-type=\"widget\" data-widget_type=\"icon-box.default\">\n\t\t\t\t\t\t\t<div class=\"elementor-icon-box-wrapper\">\n\n\t\t\t\t\t\t<div class=\"elementor-icon-box-icon\">\n\t\t\t\t<span  class=\"elementor-icon\">\n\t\t\t\t<svg xmlns=\"http:\/\/www.w3.org\/2000\/svg\" xmlns:xlink=\"http:\/\/www.w3.org\/1999\/xlink\" id=\"Layer_1\" x=\"0px\" y=\"0px\" viewBox=\"0 0 64 64\" style=\"enable-background:new 0 0 64 64;\" xml:space=\"preserve\"><style type=\"text\/css\">\t.st0{fill:#31323A;}\t.st1{fill:#D3756B;}\t.st2{fill:#FFCDB2;}\t.st3{fill:#FFF0D1;}\t.st4{fill:#BF7D42;}\t.st5{fill:#FFA658;}\t.st6{fill:#C2BFC2;}\t.st7{fill:#FFCA9B;}\t.st8{fill:#FF4D80;}\t.st9{fill:#FF92A7;}\t.st10{fill:#928F92;}\t.st11{fill:#7DE294;}\t.st12{fill:#FF94B3;}\t.st13{fill:#FABC3F;}<\/style><g>\t<path class=\"st0\" d=\"M62.3,12.6L56.4,3c0-0.1-0.1-0.1-0.1-0.2c0,0,0,0,0,0c-0.1-0.1-0.2-0.1-0.3-0.2c0,0-0.1,0-0.1,0   c-0.1,0-0.2-0.1-0.3-0.1c0,0,0,0,0,0H19.3c0,0,0,0,0,0c0,0,0,0,0,0H9.1c-0.1,0-0.2,0-0.3,0.1c0,0-0.1,0-0.1,0   c-0.1,0-0.2,0.1-0.3,0.2c0,0,0,0-0.1,0.1c0,0-0.1,0.1-0.1,0.1l-6.5,9.7c-0.2,0.3-0.2,0.7,0,1c0.2,0.3,0.5,0.5,0.9,0.5h5.5v46.4   c0,0.5,0.5,1,1,1h10c0,0,0,0,0.1,0c0,0,0,0,0,0h36.3c0.6,0,1-0.5,1-1V14.1h4.9c0.4,0,0.7-0.2,0.9-0.5   C62.5,13.3,62.5,12.9,62.3,12.6z M4.5,12.1l5.2-7.7h7.6l-5.2,7.7H4.5z M18.2,59.5h-8V14.1h2.5c0.3,0,0.7-0.2,0.8-0.4l4.7-7V59.5z    M54.5,59.5H20.3V7l4,6.6c0.2,0.3,0.5,0.5,0.9,0.5h29.4V59.5z M25.7,12.1L21,4.5H55l4.7,7.7H25.7z\"><\/path>\t<path class=\"st7\" d=\"M13.5,13.7c-0.2,0.3-0.5,0.4-0.8,0.4h-2.5v45.4h8V6.7L13.5,13.7z M15.4,55.7h-2.5c-0.5,0-1-0.4-1-1   c0-0.5,0.5-1,1-1h2.5c0.6,0,1,0.5,1,1C16.4,55.3,16,55.7,15.4,55.7z M15.4,50.5h-2.5c-0.5,0-1-0.4-1-1c0-0.6,0.5-1,1-1h2.5   c0.6,0,1,0.4,1,1C16.4,50.1,16,50.5,15.4,50.5z\"><\/path>\t<polygon class=\"st7\" points=\"17.3,4.5 12.1,12.1 4.5,12.1 9.6,4.5  \"><\/polygon>\t<polygon class=\"st5\" points=\"59.6,12.1 25.7,12.1 21,4.5 55,4.5  \"><\/polygon>\t<path class=\"st5\" d=\"M25.1,14.1c-0.3,0-0.7-0.2-0.9-0.5l-4-6.6v52.5h34.3V14.1H25.1z M37.4,17.3c7.4,0,13.5,6,13.5,13.5   c0,7.4-6,13.5-13.5,13.5c-7.4,0-13.5-6-13.5-13.5C23.9,23.4,30,17.3,37.4,17.3z M44.8,55.7H30c-0.6,0-1-0.4-1-1c0-0.5,0.4-1,1-1   h14.9c0.5,0,1,0.5,1,1C45.8,55.3,45.4,55.7,44.8,55.7z M50.2,50.5H24.6c-0.6,0-1-0.4-1-1c0-0.6,0.4-1,1-1h25.5c0.5,0,1,0.4,1,1   C51.2,50.1,50.7,50.5,50.2,50.5z\"><\/path>\t<path class=\"st0\" d=\"M37.4,17.3c-7.4,0-13.5,6-13.5,13.5c0,7.4,6,13.5,13.5,13.5c7.4,0,13.5-6,13.5-13.5   C50.9,23.4,44.8,17.3,37.4,17.3z M37.4,42.3c-0.9,0-1.9-0.1-2.7-0.3c0-1.7,0.5-2.7,0.8-3.5c0.4-0.9,0.8-1.9,0.2-3.1   c-0.8-1.8-2.8-1.5-4.6-1.2c-0.6,0.1-1.1-0.2-1.4-0.7c-0.4-0.8-0.7-2.4-0.6-2.8c0-0.1,0-0.1,0.1-0.1l3.7-0.8   c0.3-0.1,0.6-0.3,0.7-0.6c0,0,1.4-3.6,4.7-3.9c0.7-0.1,1.4,0.1,2.1,0.4c0,0,0.1,0,0.1,0c0.1,0,0.1,0.1,0.2,0.1c0.1,0,0.1,0,0.2,0   c0.1,0,0.1,0,0.2,0c0,0,1.4-0.4,2.6,0.5c1.2,0.9,2,2.7,2.2,5.4c0,0.4-0.1,0.5-0.2,0.7c-0.1,0.1-0.2,0.2-0.4,0.3c0,0,0,0,0,0   c-0.5,0.2-1.3,0.4-2.3,0.4c-0.4,0-0.9-0.2-1.2-0.5c-0.3-0.3-0.5-0.8-0.5-1.2c0-0.8,0.2-1.8,0.6-3c0.2-0.5-0.1-1.1-0.7-1.2   c-0.5-0.2-1.1,0.1-1.2,0.7c-0.4,1.3-0.6,2.4-0.7,3.4c-0.1,1,0.3,2,1,2.7c0.7,0.7,1.7,1.1,2.7,1.1H43c0.7,0,1.3-0.1,1.9-0.2   c0.3,0.8,0.9,1.6,2.2,2.1C45.1,40.1,41.5,42.3,37.4,42.3z M46.8,33.9c0.2-0.1,0.3-0.2,0.4-0.4c0.5-0.6,0.8-1.3,0.7-2.2   c-0.3-3.3-1.3-5.6-3.1-6.8c-1.5-1.1-3.2-1-3.9-0.8c-1-0.4-1.9-0.6-2.8-0.5c-3.7,0.4-5.5,3.4-6.1,4.7l-3.2,0.7   c-0.8,0.2-1.5,0.9-1.6,1.8c-0.1,0.9,0.3,2.9,0.9,4c0.7,1.3,2.1,2,3.5,1.7c1.5-0.2,2.2-0.3,2.4,0.1c0.2,0.4,0.1,0.6-0.3,1.5   c-0.4,0.8-0.8,1.9-0.9,3.6c-4-1.8-6.8-5.8-6.8-10.4c0-6.3,5.1-11.5,11.5-11.5c6.3,0,11.5,5.1,11.5,11.5c0,1.5-0.3,2.9-0.8,4.2   C47.2,34.8,46.9,34.3,46.8,33.9z\"><\/path>\t<path class=\"st3\" d=\"M48.9,30.8c0,1.5-0.3,2.9-0.8,4.2c-0.8-0.3-1.1-0.7-1.2-1.1c0.2-0.1,0.3-0.2,0.4-0.4c0.5-0.6,0.8-1.3,0.7-2.2   c-0.3-3.3-1.3-5.6-3.1-6.8c-1.5-1.1-3.2-1-3.9-0.8c-1-0.4-1.9-0.6-2.8-0.5c-3.7,0.4-5.5,3.4-6.1,4.7l-3.2,0.7   c-0.8,0.2-1.5,0.9-1.6,1.8c-0.1,0.9,0.3,2.9,0.9,4c0.7,1.3,2.1,2,3.5,1.7c1.5-0.2,2.2-0.3,2.4,0.1c0.2,0.4,0.1,0.6-0.3,1.5   c-0.4,0.8-0.8,1.9-0.9,3.6c-4-1.8-6.8-5.8-6.8-10.4c0-6.3,5.1-11.5,11.5-11.5C43.7,19.3,48.9,24.5,48.9,30.8z\"><\/path>\t<path class=\"st6\" d=\"M47.1,36.8c-2,3.3-5.6,5.4-9.7,5.4c-0.9,0-1.9-0.1-2.7-0.3c0-1.7,0.5-2.7,0.8-3.5c0.4-0.9,0.8-1.9,0.2-3.1   c-0.8-1.8-2.8-1.5-4.6-1.2c-0.6,0.1-1.1-0.2-1.4-0.7c-0.4-0.8-0.7-2.4-0.6-2.8c0-0.1,0-0.1,0.1-0.1l3.7-0.8   c0.3-0.1,0.6-0.3,0.7-0.6c0,0,1.4-3.6,4.7-3.9c0.7-0.1,1.4,0.1,2.1,0.4c0,0,0.1,0,0.1,0c0.1,0,0.1,0.1,0.2,0.1c0.1,0,0.1,0,0.2,0   c0.1,0,0.1,0,0.2,0c0,0,1.4-0.4,2.6,0.5c1.2,0.9,2,2.7,2.2,5.4c0,0.4-0.1,0.5-0.2,0.7c-0.1,0.1-0.2,0.2-0.4,0.3c0,0,0,0,0,0   c-0.5,0.2-1.3,0.4-2.3,0.4c-0.4,0-0.9-0.2-1.2-0.5c-0.3-0.3-0.5-0.8-0.5-1.2c0-0.8,0.2-1.8,0.6-3c0.2-0.5-0.1-1.1-0.7-1.2   c-0.5-0.2-1.1,0.1-1.2,0.7c-0.4,1.3-0.6,2.4-0.7,3.4c-0.1,1,0.3,2,1,2.7c0.7,0.7,1.7,1.1,2.7,1.1H43c0.7,0,1.3-0.1,1.9-0.2   C45.2,35.5,45.9,36.3,47.1,36.8z\"><\/path>\t<path class=\"st0\" d=\"M51.2,49.5c0,0.6-0.5,1-1,1H24.6c-0.6,0-1-0.4-1-1c0-0.6,0.4-1,1-1h25.5C50.7,48.5,51.2,49,51.2,49.5z\"><\/path>\t<path class=\"st0\" d=\"M45.8,54.7c0,0.6-0.5,1-1,1H30c-0.6,0-1-0.4-1-1c0-0.5,0.4-1,1-1h14.9C45.4,53.7,45.8,54.2,45.8,54.7z\"><\/path>\t<path class=\"st0\" d=\"M16.4,54.7c0,0.6-0.4,1-1,1h-2.5c-0.5,0-1-0.4-1-1c0-0.5,0.5-1,1-1h2.5C16,53.7,16.4,54.2,16.4,54.7z\"><\/path>\t<path class=\"st0\" d=\"M16.4,49.5c0,0.6-0.4,1-1,1h-2.5c-0.5,0-1-0.4-1-1c0-0.6,0.5-1,1-1h2.5C16,48.5,16.4,49,16.4,49.5z\"><\/path><\/g><\/svg>\t\t\t\t<\/span>\n\t\t\t<\/div>\n\t\t\t\n\t\t\t\t\t\t<div class=\"elementor-icon-box-content\">\n\n\t\t\t\t\t\t\t\t\t<h3 class=\"elementor-icon-box-title\">\n\t\t\t\t\t\t<span  >\n\t\t\t\t\t\t\tReklamationen\t\t\t\t\t\t<\/span>\n\t\t\t\t\t<\/h3>\n\t\t\t\t\n\t\t\t\t\n\t\t\t<\/div>\n\t\t\t\n\t\t<\/div>\n\t\t\t\t\t\t<\/div>\n\t\t\t\t<div class=\"elementor-element elementor-element-358143a3 animated-slow elementor-invisible elementor-widget elementor-widget-text-editor\" data-id=\"358143a3\" data-element_type=\"widget\" data-e-type=\"widget\" data-settings=\"{&quot;_animation&quot;:&quot;fadeInDown&quot;,&quot;_animation_delay&quot;:300}\" data-widget_type=\"text-editor.default\">\n\t\t\t\t\t\t\t\t\t<p>Sollten Sie ein Produkt mit einem Herstellungsfehler oder ein Produkt erhalten, das nicht Ihrer Bestellung entspricht, kontaktieren Sie uns bitte innerhalb von 14 Tagen nach Erhalt des Pakets. Um eine Reklamation einzureichen, senden Sie uns bitte Fotos des Produkts sowie eine Beschreibung des Problems per E-Mail. Wir werden Ihre Reklamation so schnell wie m\u00f6glich bearbeiten und die beste<br>L\u00f6sung finden.  <\/p>\t\t\t\t\t\t\t\t<\/div>\n\t\t\t\t\t<\/div>\n\t\t<\/div>\n\t\t\t\t\t<\/div>\n\t\t<\/section>\n\t\t\t\t<section class=\"elementor-section elementor-top-section elementor-element elementor-element-2d71ca86 elementor-section-boxed elementor-section-height-default elementor-section-height-default\" data-id=\"2d71ca86\" data-element_type=\"section\" data-e-type=\"section\">\n\t\t\t\t\t\t<div class=\"elementor-container elementor-column-gap-default\">\n\t\t\t\t\t<div class=\"elementor-column elementor-col-50 elementor-top-column elementor-element elementor-element-2a75e6c\" data-id=\"2a75e6c\" data-element_type=\"column\" data-e-type=\"column\">\n\t\t\t<div class=\"elementor-widget-wrap elementor-element-populated\">\n\t\t\t\t\t\t<div class=\"elementor-element elementor-element-624fae0a elementor-position-inline-start elementor-view-default elementor-mobile-position-block-start elementor-widget elementor-widget-icon-box\" data-id=\"624fae0a\" data-element_type=\"widget\" data-e-type=\"widget\" data-widget_type=\"icon-box.default\">\n\t\t\t\t\t\t\t<div class=\"elementor-icon-box-wrapper\">\n\n\t\t\t\t\t\t<div class=\"elementor-icon-box-icon\">\n\t\t\t\t<span  class=\"elementor-icon\">\n\t\t\t\t<svg aria-hidden=\"true\" class=\"e-font-icon-svg e-fas-info-circle\" viewBox=\"0 0 512 512\" xmlns=\"http:\/\/www.w3.org\/2000\/svg\"><path d=\"M256 8C119.043 8 8 119.083 8 256c0 136.997 111.043 248 248 248s248-111.003 248-248C504 119.083 392.957 8 256 8zm0 110c23.196 0 42 18.804 42 42s-18.804 42-42 42-42-18.804-42-42 18.804-42 42-42zm56 254c0 6.627-5.373 12-12 12h-88c-6.627 0-12-5.373-12-12v-24c0-6.627 5.373-12 12-12h12v-64h-12c-6.627 0-12-5.373-12-12v-24c0-6.627 5.373-12 12-12h64c6.627 0 12 5.373 12 12v100h12c6.627 0 12 5.373 12 12v24z\"><\/path><\/svg>\t\t\t\t<\/span>\n\t\t\t<\/div>\n\t\t\t\n\t\t\t\t\t\t<div class=\"elementor-icon-box-content\">\n\n\t\t\t\t\t\t\t\t\t<h3 class=\"elementor-icon-box-title\">\n\t\t\t\t\t\t<span  >\n\t\t\t\t\t\t\tWeitere Informationen findest du in den <a href=\"https:\/\/druknabiothane.pl\/de\/verordnungen\/\">@VERORDNUNGEN<\/a>\t\t\t\t\t\t<\/span>\n\t\t\t\t\t<\/h3>\n\t\t\t\t\n\t\t\t\t\n\t\t\t<\/div>\n\t\t\t\n\t\t<\/div>\n\t\t\t\t\t\t<\/div>\n\t\t\t\t\t<\/div>\n\t\t<\/div>\n\t\t\t\t<div class=\"elementor-column elementor-col-50 elementor-top-column elementor-element elementor-element-1b182426\" data-id=\"1b182426\" data-element_type=\"column\" data-e-type=\"column\">\n\t\t\t<div class=\"elementor-widget-wrap elementor-element-populated\">\n\t\t\t\t\t\t<div class=\"elementor-element elementor-element-702a4662 elementor-position-inline-start elementor-view-default elementor-mobile-position-block-start elementor-widget elementor-widget-icon-box\" data-id=\"702a4662\" data-element_type=\"widget\" data-e-type=\"widget\" data-widget_type=\"icon-box.default\">\n\t\t\t\t\t\t\t<div class=\"elementor-icon-box-wrapper\">\n\n\t\t\t\t\t\t<div class=\"elementor-icon-box-icon\">\n\t\t\t\t<span  class=\"elementor-icon\">\n\t\t\t\t<svg aria-hidden=\"true\" class=\"e-font-icon-svg e-fas-heart\" viewBox=\"0 0 512 512\" xmlns=\"http:\/\/www.w3.org\/2000\/svg\"><path d=\"M462.3 62.6C407.5 15.9 326 24.3 275.7 76.2L256 96.5l-19.7-20.3C186.1 24.3 104.5 15.9 49.7 62.6c-62.8 53.6-66.1 149.8-9.9 207.9l193.5 199.8c12.5 12.9 32.8 12.9 45.3 0l193.5-199.8c56.3-58.1 53-154.3-9.8-207.9z\"><\/path><\/svg>\t\t\t\t<\/span>\n\t\t\t<\/div>\n\t\t\t\n\t\t\t\t\t\t<div class=\"elementor-icon-box-content\">\n\n\t\t\t\t\t\t\t\t\t<h3 class=\"elementor-icon-box-title\">\n\t\t\t\t\t\t<span  >\n\t\t\t\t\t\t\tHast du Fragen? Kontaktieren Sie uns - wir helfen Ihnen gerne weiter!\t\t\t\t\t\t<\/span>\n\t\t\t\t\t<\/h3>\n\t\t\t\t\n\t\t\t\t\n\t\t\t<\/div>\n\t\t\t\n\t\t<\/div>\n\t\t\t\t\t\t<\/div>\n\t\t\t\t\t<\/div>\n\t\t<\/div>\n\t\t\t\t\t<\/div>\n\t\t<\/section>\n\t\t\t\t<\/div>\n\t\t","protected":false},"excerpt":{"rendered":"<p>R\u00fccksendung Aufgrund des individuellen Charakters der Bestellungen werden Biothane\u00ae-B\u00e4nder mit UV-Aufdruck nach den Vorgaben des Kunden auf Ma\u00df zugeschnitten und k\u00f6nnen daher weder zur\u00fcckgegeben noch umgetauscht werden \u2013 unabh\u00e4ngig davon, ob die Bestellung von einer Privatperson oder einem Unternehmer aufgegeben wird. Reklamationen Sollten Sie ein Produkt mit einem Herstellungsfehler oder ein Produkt erhalten, das nicht [&hellip;]<\/p>\n","protected":false},"author":1,"featured_media":0,"parent":0,"menu_order":0,"comment_status":"closed","ping_status":"closed","template":"","meta":{"footnotes":""},"class_list":["post-7385","page","type-page","status-publish","hentry"],"_links":{"self":[{"href":"https:\/\/druknabiothane.pl\/de\/wp-json\/wp\/v2\/pages\/7385","targetHints":{"allow":["GET"]}}],"collection":[{"href":"https:\/\/druknabiothane.pl\/de\/wp-json\/wp\/v2\/pages"}],"about":[{"href":"https:\/\/druknabiothane.pl\/de\/wp-json\/wp\/v2\/types\/page"}],"author":[{"embeddable":true,"href":"https:\/\/druknabiothane.pl\/de\/wp-json\/wp\/v2\/users\/1"}],"replies":[{"embeddable":true,"href":"https:\/\/druknabiothane.pl\/de\/wp-json\/wp\/v2\/comments?post=7385"}],"version-history":[{"count":4,"href":"https:\/\/druknabiothane.pl\/de\/wp-json\/wp\/v2\/pages\/7385\/revisions"}],"predecessor-version":[{"id":9242,"href":"https:\/\/druknabiothane.pl\/de\/wp-json\/wp\/v2\/pages\/7385\/revisions\/9242"}],"wp:attachment":[{"href":"https:\/\/druknabiothane.pl\/de\/wp-json\/wp\/v2\/media?parent=7385"}],"curies":[{"name":"wp","href":"https:\/\/api.w.org\/{rel}","templated":true}]}}