{"id":10720,"date":"2026-04-27T18:20:41","date_gmt":"2026-04-27T16:20:41","guid":{"rendered":"https:\/\/druknabiothane.pl\/produkt\/individuelles-projekt\/"},"modified":"2026-04-27T18:20:41","modified_gmt":"2026-04-27T16:20:41","slug":"individuelles-projekt","status":"publish","type":"product","link":"https:\/\/druknabiothane.pl\/de\/produkt\/individuelles-projekt\/","title":{"rendered":"Individuelles Projekt"},"content":{"rendered":"<p data-path-to-node=\"3\"><b data-path-to-node=\"3\" data-index-in-node=\"0\">Wir entwerfen ein Muster speziell f\u00fcr Sie \u2014 von der Idee bis zum fertigen Gurtband.<\/b><\/p>\n<p data-path-to-node=\"4\"><b data-path-to-node=\"4\" data-index-in-node=\"0\">Wie funktioniert das?<\/b><\/p>\n<ol start=\"1\" data-path-to-node=\"5\">\n<li>\n<p data-path-to-node=\"5,0,0\">F\u00fcllen Sie das untenstehende Formular aus \u2014 beschreiben Sie Ihre Vision und senden Sie uns Inspirationen und Farben, die Sie interessieren.<\/p>\n<\/li>\n<li>\n<p data-path-to-node=\"5,1,0\">Nach Zahlungseingang beginnen wir mit dem Projekt.<\/p>\n<\/li>\n<li>\n<p data-path-to-node=\"5,2,0\"><b data-path-to-node=\"5,2,0\" data-index-in-node=\"0\">Wir erstellen eine Visualisierung<\/b> auf einem Abschnitt von ca. 20 cm \u2014 damit Sie beurteilen k\u00f6nnen, wie das Muster auf dem Gurtband aussehen wird. <\/p>\n<\/li>\n<li>\n<p data-path-to-node=\"5,3,0\"><b data-path-to-node=\"5,3,0\" data-index-in-node=\"0\">Sie erhalten den Entwurf zur Abnahme.<\/b> Ihnen stehen 2 kostenlose Korrekturen zu.<\/p>\n<\/li>\n<li>\n<p data-path-to-node=\"5,4,0\"><b data-path-to-node=\"5,4,0\" data-index-in-node=\"0\">Nach der Freigabe<\/b> erstellen wir die finale Datei und drucken sie auf die von Ihnen gew\u00e4hlte Gurtbandl\u00e4nge.<\/p>\n<\/li>\n<\/ol>\n<p data-path-to-node=\"6\"><b data-path-to-node=\"6\" data-index-in-node=\"0\">Was ist im Preis enthalten?<\/b><\/p>\n<ul data-path-to-node=\"7\">\n<li>\n<p data-path-to-node=\"7,0,0\">Erstellung eines originellen Designs und Visualisierung auf einem Abschnitt von ca. 20 cm. <\/p>\n<\/li>\n<li>\n<p data-path-to-node=\"7,1,0\">2 Korrekturschleifen f\u00fcr das Design.<\/p>\n<\/li>\n<li>\n<p data-path-to-node=\"7,2,0\">Erstellung der finalen Druckdatei f\u00fcr ein Gurtband mit einer L\u00e4nge von bis zu 90 cm.<\/p>\n<\/li>\n<li>\n<p data-path-to-node=\"7,3,0\">Einmal bestellt, geh\u00f6rt das Design Ihnen \u2014 Sie k\u00f6nnen es f\u00fcr weitere Bestellungen verwenden, ohne dass zus\u00e4tzliche Designkosten anfallen.<\/p>\n<\/li>\n<\/ul>\n<p data-path-to-node=\"8\">Lieferzeit: bis zu 14 Werktage ab Zahlungseingang.<\/p>\n","protected":false},"excerpt":{"rendered":"<p>Wir entwerfen ein Muster speziell f\u00fcr Sie \u2014 von der Idee bis zum fertigen Gurtband. Wie funktioniert das? F\u00fcllen Sie das untenstehende Formular aus \u2014 beschreiben Sie Ihre Vision und senden Sie uns Inspirationen und Farben, die Sie interessieren. Nach Zahlungseingang beginnen wir mit dem Projekt. Wir erstellen eine Visualisierung auf einem Abschnitt von ca. [&hellip;]<\/p>\n","protected":false},"featured_media":0,"comment_status":"open","ping_status":"closed","template":"","meta":{"_acf_changed":false},"product_brand":[],"product_cat":[162],"product_tag":[],"class_list":{"0":"post-10720","1":"product","2":"type-product","3":"status-publish","5":"product_cat-individuelles-projekt","7":"first","8":"instock","9":"shipping-taxable","10":"purchasable","11":"product-type-simple"},"acf":[],"_links":{"self":[{"href":"https:\/\/druknabiothane.pl\/de\/wp-json\/wp\/v2\/product\/10720","targetHints":{"allow":["GET"]}}],"collection":[{"href":"https:\/\/druknabiothane.pl\/de\/wp-json\/wp\/v2\/product"}],"about":[{"href":"https:\/\/druknabiothane.pl\/de\/wp-json\/wp\/v2\/types\/product"}],"replies":[{"embeddable":true,"href":"https:\/\/druknabiothane.pl\/de\/wp-json\/wp\/v2\/comments?post=10720"}],"wp:attachment":[{"href":"https:\/\/druknabiothane.pl\/de\/wp-json\/wp\/v2\/media?parent=10720"}],"wp:term":[{"taxonomy":"product_brand","embeddable":true,"href":"https:\/\/druknabiothane.pl\/de\/wp-json\/wp\/v2\/product_brand?post=10720"},{"taxonomy":"product_cat","embeddable":true,"href":"https:\/\/druknabiothane.pl\/de\/wp-json\/wp\/v2\/product_cat?post=10720"},{"taxonomy":"product_tag","embeddable":true,"href":"https:\/\/druknabiothane.pl\/de\/wp-json\/wp\/v2\/product_tag?post=10720"}],"curies":[{"name":"wp","href":"https:\/\/api.w.org\/{rel}","templated":true}]}}