{"id":8406,"date":"2026-03-13T19:57:03","date_gmt":"2026-03-13T18:57:03","guid":{"rendered":"https:\/\/druknabiothane.pl\/produkt\/biothane-band-mit-aufdruck-muster-memphis-in-hellgrau\/"},"modified":"2026-03-13T19:57:03","modified_gmt":"2026-03-13T18:57:03","slug":"biothane-band-mit-aufdruck-muster-memphis-in-hellgrau","status":"publish","type":"product","link":"https:\/\/druknabiothane.pl\/de\/produkt\/biothane-band-mit-aufdruck-muster-memphis-in-hellgrau\/","title":{"rendered":"BioThane-Band mit Aufdruck \u2013 Muster Memphis in Hellgrau"},"content":{"rendered":"<p class=\"v1MsoPlainText\"><i>Biothane UV-bedrucktes Klebeband ist ein haltbares, wasserfestes und leicht zu reinigendes Material, ideal f\u00fcr Projekte, die sowohl Haltbarkeit als auch \u00c4sthetik erfordern. Dank des hochmodernen, mit UV-Licht geh\u00e4rteten Drucks erh\u00e4lt das Klebeband ein einzigartiges Aussehen und Wetterbest\u00e4ndigkeit. <\/i><\/p>\n<p class=\"v1MsoPlainText\"><i> <\/i><\/p>\n<p class=\"v1MsoPlainText\"><i>Ideal f\u00fcr die Herstellung von Zubeh\u00f6r f\u00fcr Hunde und Katzen, Halfter f\u00fcr Pferde sowie Riemen f\u00fcr Handtaschen, Kleidung oder andere Produkte, bei denen Design und Funktionalit\u00e4t wichtig sind.<\/i><\/p>\n<p class=\"v1MsoPlainText\"><i> <\/i><\/p>\n<p class=\"v1MsoPlainText\"><i>Das Produkt ist je nach gew\u00e4hlter Option in Abschnitten erh\u00e4ltlich &#8211; bereit f\u00fcr die weitere Verarbeitung und Produktion.<\/i><\/p>\n<p>&nbsp;<\/p>\n<p><strong>Bruttopreis (inkl. 23% MwSt.)<\/strong><\/p>\n","protected":false},"excerpt":{"rendered":"<p>Biothane UV-bedrucktes Klebeband ist ein haltbares, wasserfestes und leicht zu reinigendes Material, ideal f\u00fcr Projekte, die sowohl Haltbarkeit als auch \u00c4sthetik erfordern. Dank des hochmodernen, mit UV-Licht geh\u00e4rteten Drucks erh\u00e4lt das Klebeband ein einzigartiges Aussehen und Wetterbest\u00e4ndigkeit. Ideal f\u00fcr die Herstellung von Zubeh\u00f6r f\u00fcr Hunde und Katzen, Halfter f\u00fcr Pferde sowie Riemen f\u00fcr Handtaschen, Kleidung [&hellip;]<\/p>\n","protected":false},"featured_media":8407,"comment_status":"closed","ping_status":"closed","template":"","meta":[],"product_brand":[],"product_cat":[91],"product_tag":[],"class_list":{"0":"post-8406","1":"product","2":"type-product","3":"status-publish","4":"has-post-thumbnail","6":"product_cat-figuren","8":"first","9":"instock","10":"shipping-taxable","11":"purchasable","12":"product-type-variable"},"_links":{"self":[{"href":"https:\/\/druknabiothane.pl\/de\/wp-json\/wp\/v2\/product\/8406","targetHints":{"allow":["GET"]}}],"collection":[{"href":"https:\/\/druknabiothane.pl\/de\/wp-json\/wp\/v2\/product"}],"about":[{"href":"https:\/\/druknabiothane.pl\/de\/wp-json\/wp\/v2\/types\/product"}],"replies":[{"embeddable":true,"href":"https:\/\/druknabiothane.pl\/de\/wp-json\/wp\/v2\/comments?post=8406"}],"wp:featuredmedia":[{"embeddable":true,"href":"https:\/\/druknabiothane.pl\/de\/wp-json\/wp\/v2\/media\/8407"}],"wp:attachment":[{"href":"https:\/\/druknabiothane.pl\/de\/wp-json\/wp\/v2\/media?parent=8406"}],"wp:term":[{"taxonomy":"product_brand","embeddable":true,"href":"https:\/\/druknabiothane.pl\/de\/wp-json\/wp\/v2\/product_brand?post=8406"},{"taxonomy":"product_cat","embeddable":true,"href":"https:\/\/druknabiothane.pl\/de\/wp-json\/wp\/v2\/product_cat?post=8406"},{"taxonomy":"product_tag","embeddable":true,"href":"https:\/\/druknabiothane.pl\/de\/wp-json\/wp\/v2\/product_tag?post=8406"}],"curies":[{"name":"wp","href":"https:\/\/api.w.org\/{rel}","templated":true}]}}